{"id":39,"date":"2026-02-17T16:47:25","date_gmt":"2026-02-17T15:47:25","guid":{"rendered":"https:\/\/demo.lesfoulardsrouges.fr\/?page_id=39"},"modified":"2026-02-17T16:49:01","modified_gmt":"2026-02-17T15:49:01","slug":"photos","status":"publish","type":"page","link":"https:\/\/demo.lesfoulardsrouges.fr\/?page_id=39","title":{"rendered":"Photos"},"content":{"rendered":"\n<div class=\"wp-block-group alignfull has-global-padding is-layout-constrained wp-block-group-is-layout-constrained\" style=\"margin-top:0;margin-bottom:0;padding-top:var(--wp--preset--spacing--50);padding-bottom:var(--wp--preset--spacing--50)\">\n<div class=\"wp-block-columns alignwide is-layout-flex wp-container-core-columns-is-layout-47c06fe3 wp-block-columns-is-layout-flex\">\n<div class=\"wp-block-column is-layout-flow wp-block-column-is-layout-flow\" style=\"flex-basis:56%\">\n<figure class=\"wp-block-gallery has-nested-images columns-default is-cropped wp-block-gallery-1 is-layout-flex wp-block-gallery-is-layout-flex\">\n<figure class=\"wp-block-image size-full\"><img loading=\"lazy\" decoding=\"async\" width=\"800\" height=\"600\" data-id=\"33\" src=\"https:\/\/demo.lesfoulardsrouges.fr\/wp-content\/uploads\/2026\/02\/pele-2005-les-foulards-rouges-au-pont-d-espagne.jpg\" alt=\"\" class=\"wp-image-33\" style=\"object-fit:cover\" srcset=\"https:\/\/demo.lesfoulardsrouges.fr\/wp-content\/uploads\/2026\/02\/pele-2005-les-foulards-rouges-au-pont-d-espagne.jpg 800w, https:\/\/demo.lesfoulardsrouges.fr\/wp-content\/uploads\/2026\/02\/pele-2005-les-foulards-rouges-au-pont-d-espagne-300x225.jpg 300w, https:\/\/demo.lesfoulardsrouges.fr\/wp-content\/uploads\/2026\/02\/pele-2005-les-foulards-rouges-au-pont-d-espagne-768x576.jpg 768w\" sizes=\"auto, (max-width: 800px) 100vw, 800px\" \/><\/figure>\n<\/figure>\n<\/div>\n\n\n\n<div class=\"wp-block-column is-vertically-aligned-center is-layout-flow wp-container-core-column-is-layout-119bc444 wp-block-column-is-layout-flow\">\n<h2 class=\"wp-block-heading\">2005 Pont d&rsquo;Espagne<\/h2>\n\n\n\n<p>Tout comme les fleurs qui \u00e9closent dans des endroits inattendus, chaque histoire se d\u00e9ploie avec beaut\u00e9 et r\u00e9silience, r\u00e9v\u00e9lant des merveilles cach\u00e9es.<\/p>\n<\/div>\n<\/div>\n<\/div>\n\n\n\n<figure class=\"wp-block-gallery has-nested-images columns-default is-cropped wp-block-gallery-2 is-layout-flex wp-block-gallery-is-layout-flex\">\n<figure class=\"wp-block-image size-large\"><img loading=\"lazy\" decoding=\"async\" width=\"800\" height=\"600\" data-id=\"33\" src=\"https:\/\/demo.lesfoulardsrouges.fr\/wp-content\/uploads\/2026\/02\/pele-2005-les-foulards-rouges-au-pont-d-espagne.jpg\" alt=\"\" class=\"wp-image-33\" srcset=\"https:\/\/demo.lesfoulardsrouges.fr\/wp-content\/uploads\/2026\/02\/pele-2005-les-foulards-rouges-au-pont-d-espagne.jpg 800w, https:\/\/demo.lesfoulardsrouges.fr\/wp-content\/uploads\/2026\/02\/pele-2005-les-foulards-rouges-au-pont-d-espagne-300x225.jpg 300w, https:\/\/demo.lesfoulardsrouges.fr\/wp-content\/uploads\/2026\/02\/pele-2005-les-foulards-rouges-au-pont-d-espagne-768x576.jpg 768w\" sizes=\"auto, (max-width: 800px) 100vw, 800px\" \/><\/figure>\n\n\n\n<figure class=\"wp-block-image size-large\"><img loading=\"lazy\" decoding=\"async\" width=\"800\" height=\"363\" data-id=\"34\" src=\"https:\/\/demo.lesfoulardsrouges.fr\/wp-content\/uploads\/2026\/02\/les-fr-au-musee-de-la-medaille-miraculeuse.jpg\" alt=\"\" class=\"wp-image-34\" srcset=\"https:\/\/demo.lesfoulardsrouges.fr\/wp-content\/uploads\/2026\/02\/les-fr-au-musee-de-la-medaille-miraculeuse.jpg 800w, https:\/\/demo.lesfoulardsrouges.fr\/wp-content\/uploads\/2026\/02\/les-fr-au-musee-de-la-medaille-miraculeuse-300x136.jpg 300w, https:\/\/demo.lesfoulardsrouges.fr\/wp-content\/uploads\/2026\/02\/les-fr-au-musee-de-la-medaille-miraculeuse-768x348.jpg 768w\" sizes=\"auto, (max-width: 800px) 100vw, 800px\" \/><\/figure>\n\n\n\n<figure class=\"wp-block-image size-large\"><img loading=\"lazy\" decoding=\"async\" width=\"800\" height=\"557\" data-id=\"36\" src=\"https:\/\/demo.lesfoulardsrouges.fr\/wp-content\/uploads\/2026\/02\/pele-2010-deposons-un-cierge.jpg\" alt=\"\" class=\"wp-image-36\" srcset=\"https:\/\/demo.lesfoulardsrouges.fr\/wp-content\/uploads\/2026\/02\/pele-2010-deposons-un-cierge.jpg 800w, https:\/\/demo.lesfoulardsrouges.fr\/wp-content\/uploads\/2026\/02\/pele-2010-deposons-un-cierge-300x209.jpg 300w, https:\/\/demo.lesfoulardsrouges.fr\/wp-content\/uploads\/2026\/02\/pele-2010-deposons-un-cierge-768x535.jpg 768w\" sizes=\"auto, (max-width: 800px) 100vw, 800px\" \/><\/figure>\n\n\n\n<figure class=\"wp-block-image size-large\"><img loading=\"lazy\" decoding=\"async\" width=\"800\" height=\"600\" data-id=\"38\" src=\"https:\/\/demo.lesfoulardsrouges.fr\/wp-content\/uploads\/2026\/02\/pele-2008-jeu-de-l-oie-sur-le-theme-de-la-vie-de-bernadette.jpg\" alt=\"\" class=\"wp-image-38\" srcset=\"https:\/\/demo.lesfoulardsrouges.fr\/wp-content\/uploads\/2026\/02\/pele-2008-jeu-de-l-oie-sur-le-theme-de-la-vie-de-bernadette.jpg 800w, https:\/\/demo.lesfoulardsrouges.fr\/wp-content\/uploads\/2026\/02\/pele-2008-jeu-de-l-oie-sur-le-theme-de-la-vie-de-bernadette-300x225.jpg 300w, https:\/\/demo.lesfoulardsrouges.fr\/wp-content\/uploads\/2026\/02\/pele-2008-jeu-de-l-oie-sur-le-theme-de-la-vie-de-bernadette-768x576.jpg 768w\" sizes=\"auto, (max-width: 800px) 100vw, 800px\" \/><\/figure>\n\n\n\n<figure class=\"wp-block-image size-large\"><img loading=\"lazy\" decoding=\"async\" width=\"800\" height=\"535\" data-id=\"37\" src=\"https:\/\/demo.lesfoulardsrouges.fr\/wp-content\/uploads\/2026\/02\/pele-2008-temps-de-detente-dans-les-couloirs.jpg\" alt=\"\" class=\"wp-image-37\" srcset=\"https:\/\/demo.lesfoulardsrouges.fr\/wp-content\/uploads\/2026\/02\/pele-2008-temps-de-detente-dans-les-couloirs.jpg 800w, https:\/\/demo.lesfoulardsrouges.fr\/wp-content\/uploads\/2026\/02\/pele-2008-temps-de-detente-dans-les-couloirs-300x201.jpg 300w, https:\/\/demo.lesfoulardsrouges.fr\/wp-content\/uploads\/2026\/02\/pele-2008-temps-de-detente-dans-les-couloirs-768x514.jpg 768w\" sizes=\"auto, (max-width: 800px) 100vw, 800px\" \/><\/figure>\n\n\n\n<figure class=\"wp-block-image size-large\"><img loading=\"lazy\" decoding=\"async\" width=\"800\" height=\"531\" data-id=\"35\" src=\"https:\/\/demo.lesfoulardsrouges.fr\/wp-content\/uploads\/2026\/02\/chemin-de-croix-au-bord-du-lac-de-payolle.jpg\" alt=\"\" class=\"wp-image-35\" srcset=\"https:\/\/demo.lesfoulardsrouges.fr\/wp-content\/uploads\/2026\/02\/chemin-de-croix-au-bord-du-lac-de-payolle.jpg 800w, https:\/\/demo.lesfoulardsrouges.fr\/wp-content\/uploads\/2026\/02\/chemin-de-croix-au-bord-du-lac-de-payolle-300x199.jpg 300w, https:\/\/demo.lesfoulardsrouges.fr\/wp-content\/uploads\/2026\/02\/chemin-de-croix-au-bord-du-lac-de-payolle-768x510.jpg 768w\" sizes=\"auto, (max-width: 800px) 100vw, 800px\" \/><\/figure>\n\n\n\n<figure class=\"wp-block-image size-large\"><img loading=\"lazy\" decoding=\"async\" width=\"800\" height=\"600\" data-id=\"32\" src=\"https:\/\/demo.lesfoulardsrouges.fr\/wp-content\/uploads\/2026\/02\/pele-2006-celebration-pres-du-lac-de.jpg\" alt=\"\" class=\"wp-image-32\" srcset=\"https:\/\/demo.lesfoulardsrouges.fr\/wp-content\/uploads\/2026\/02\/pele-2006-celebration-pres-du-lac-de.jpg 800w, https:\/\/demo.lesfoulardsrouges.fr\/wp-content\/uploads\/2026\/02\/pele-2006-celebration-pres-du-lac-de-300x225.jpg 300w, https:\/\/demo.lesfoulardsrouges.fr\/wp-content\/uploads\/2026\/02\/pele-2006-celebration-pres-du-lac-de-768x576.jpg 768w\" sizes=\"auto, (max-width: 800px) 100vw, 800px\" \/><\/figure>\n\n\n\n<figure class=\"wp-block-image size-large\"><img loading=\"lazy\" decoding=\"async\" width=\"780\" height=\"600\" data-id=\"31\" src=\"https:\/\/demo.lesfoulardsrouges.fr\/wp-content\/uploads\/2026\/02\/pele-2007-messe-devant-la-grotte.jpg\" alt=\"\" class=\"wp-image-31\" srcset=\"https:\/\/demo.lesfoulardsrouges.fr\/wp-content\/uploads\/2026\/02\/pele-2007-messe-devant-la-grotte.jpg 780w, https:\/\/demo.lesfoulardsrouges.fr\/wp-content\/uploads\/2026\/02\/pele-2007-messe-devant-la-grotte-300x231.jpg 300w, https:\/\/demo.lesfoulardsrouges.fr\/wp-content\/uploads\/2026\/02\/pele-2007-messe-devant-la-grotte-768x591.jpg 768w\" sizes=\"auto, (max-width: 780px) 100vw, 780px\" \/><\/figure>\n<\/figure>\n\n\n\n<div class=\"wp-block-group alignfull has-global-padding is-layout-constrained wp-block-group-is-layout-constrained\" style=\"margin-top:0;margin-bottom:0;padding-top:var(--wp--preset--spacing--50);padding-bottom:var(--wp--preset--spacing--50)\">\n<div class=\"wp-block-group alignwide is-layout-grid wp-container-core-group-is-layout-840b37f5 wp-block-group-is-layout-grid\">\n<div class=\"wp-block-group is-vertical is-layout-flex wp-container-core-group-is-layout-d6b9ab57 wp-block-group-is-layout-flex\">\n<h2 class=\"wp-block-heading has-x-large-font-size\">Cat\u00e9gories principales<\/h2>\n<\/div>\n\n\n\n<div class=\"wp-block-group is-vertical is-content-justification-stretch is-layout-flex wp-container-core-group-is-layout-353c4f5a wp-block-group-is-layout-flex\">\n<div class=\"wp-block-cover\"><img decoding=\"async\" class=\"wp-block-cover__image-background\" alt=\"Gros plan sur un anthurium rouge.\" src=\"https:\/\/demo.lesfoulardsrouges.fr\/wp-content\/themes\/twentytwentyfive\/assets\/images\/category-anthuriums.webp\" data-object-fit=\"cover\"\/><span aria-hidden=\"true\" class=\"wp-block-cover__background has-background-dim-0 has-background-dim\" style=\"background-color:#833d3a\"><\/span><div class=\"wp-block-cover__inner-container has-global-padding is-layout-constrained wp-block-cover-is-layout-constrained\">\n<div style=\"height:var(--wp--preset--spacing--20)\" aria-hidden=\"true\" class=\"wp-block-spacer\"><\/div>\n<\/div><\/div>\n\n\n\n<p class=\"has-text-align-center\">Anthuriums<\/p>\n<\/div>\n\n\n\n<div class=\"wp-block-group is-vertical is-content-justification-stretch is-layout-flex wp-container-core-group-is-layout-353c4f5a wp-block-group-is-layout-flex\">\n<div class=\"wp-block-cover is-light\"><img decoding=\"async\" class=\"wp-block-cover__image-background\" alt=\"\" src=\"https:\/\/demo.lesfoulardsrouges.fr\/wp-content\/themes\/twentytwentyfive\/assets\/images\/category-cactus.webp\" data-object-fit=\"cover\"\/><span aria-hidden=\"true\" class=\"wp-block-cover__background has-background-dim-0 has-background-dim\" style=\"background-color:#828282\"><\/span><div class=\"wp-block-cover__inner-container has-global-padding is-layout-constrained wp-block-cover-is-layout-constrained\">\n<div style=\"height:var(--wp--preset--spacing--20)\" aria-hidden=\"true\" class=\"wp-block-spacer\"><\/div>\n<\/div><\/div>\n\n\n\n<p class=\"has-text-align-center\">Cactus<\/p>\n<\/div>\n\n\n\n<div class=\"wp-block-group is-vertical is-content-justification-stretch is-layout-flex wp-container-core-group-is-layout-353c4f5a wp-block-group-is-layout-flex\">\n<div class=\"wp-block-cover is-light\"><img decoding=\"async\" class=\"wp-block-cover__image-background\" alt=\"\" src=\"https:\/\/demo.lesfoulardsrouges.fr\/wp-content\/themes\/twentytwentyfive\/assets\/images\/category-sunflowers.webp\" data-object-fit=\"cover\"\/><span aria-hidden=\"true\" class=\"wp-block-cover__background has-background-dim-0 has-background-dim\" style=\"background-color:#d6bc98\"><\/span><div class=\"wp-block-cover__inner-container has-global-padding is-layout-constrained wp-block-cover-is-layout-constrained\">\n<div style=\"height:var(--wp--preset--spacing--20)\" aria-hidden=\"true\" class=\"wp-block-spacer\"><\/div>\n<\/div><\/div>\n\n\n\n<p class=\"has-text-align-center\">Tournesols<\/p>\n<\/div>\n<\/div>\n<\/div>\n","protected":false},"excerpt":{"rendered":"<p>2005 Pont d&rsquo;Espagne Tout comme les fleurs qui \u00e9closent dans des endroits inattendus, chaque histoire se d\u00e9ploie avec beaut\u00e9 et r\u00e9silience, r\u00e9v\u00e9lant des merveilles cach\u00e9es. Cat\u00e9gories principales Anthuriums Cactus Tournesols<\/p>\n","protected":false},"author":1,"featured_media":0,"parent":0,"menu_order":0,"comment_status":"closed","ping_status":"closed","template":"","meta":{"footnotes":""},"class_list":["post-39","page","type-page","status-publish","hentry"],"_links":{"self":[{"href":"https:\/\/demo.lesfoulardsrouges.fr\/index.php?rest_route=\/wp\/v2\/pages\/39","targetHints":{"allow":["GET"]}}],"collection":[{"href":"https:\/\/demo.lesfoulardsrouges.fr\/index.php?rest_route=\/wp\/v2\/pages"}],"about":[{"href":"https:\/\/demo.lesfoulardsrouges.fr\/index.php?rest_route=\/wp\/v2\/types\/page"}],"author":[{"embeddable":true,"href":"https:\/\/demo.lesfoulardsrouges.fr\/index.php?rest_route=\/wp\/v2\/users\/1"}],"replies":[{"embeddable":true,"href":"https:\/\/demo.lesfoulardsrouges.fr\/index.php?rest_route=%2Fwp%2Fv2%2Fcomments&post=39"}],"version-history":[{"count":1,"href":"https:\/\/demo.lesfoulardsrouges.fr\/index.php?rest_route=\/wp\/v2\/pages\/39\/revisions"}],"predecessor-version":[{"id":40,"href":"https:\/\/demo.lesfoulardsrouges.fr\/index.php?rest_route=\/wp\/v2\/pages\/39\/revisions\/40"}],"wp:attachment":[{"href":"https:\/\/demo.lesfoulardsrouges.fr\/index.php?rest_route=%2Fwp%2Fv2%2Fmedia&parent=39"}],"curies":[{"name":"wp","href":"https:\/\/api.w.org\/{rel}","templated":true}]}}