{"id":47,"date":"2026-02-17T18:17:22","date_gmt":"2026-02-17T17:17:22","guid":{"rendered":"https:\/\/demo.lesfoulardsrouges.fr\/?page_id=47"},"modified":"2026-02-17T21:05:28","modified_gmt":"2026-02-17T20:05:28","slug":"accueil","status":"publish","type":"page","link":"https:\/\/demo.lesfoulardsrouges.fr\/","title":{"rendered":"Accueil"},"content":{"rendered":"\n<div class=\"wp-block-group alignwide has-global-padding is-layout-constrained wp-container-core-group-is-layout-0c9c989a wp-block-group-is-layout-constrained\" style=\"min-height:0vh;margin-top:0;margin-bottom:0;padding-top:var(--wp--preset--spacing--70);padding-right:var(--wp--preset--spacing--40);padding-bottom:var(--wp--preset--spacing--70);padding-left:var(--wp--preset--spacing--40)\">\n<div class=\"wp-block-group alignwide has-global-padding is-layout-constrained wp-container-core-group-is-layout-346627ba wp-block-group-is-layout-constrained\">\n<h2 class=\"wp-block-heading alignwide has-text-align-center has-custom-color-1-color has-text-color has-link-color has-x-large-font-size wp-elements-6988a0c6703b49e0f9436fb62ed07124\" style=\"margin-right:0;margin-left:0;padding-right:0;padding-left:0\">Bienvenue sur le site des joyeux Foulards Rouges<\/h2>\n\n\n\n<p class=\"has-text-align-center has-large-font-size\"><em><strong>En 2026, notre association f\u00eatera&nbsp;les 60 ans de la cr\u00e9ation des \u00ab\u00a0Foulards Rouges\u00a0\u00bb<\/strong><\/em><\/p>\n<\/div>\n<\/div>\n\n\n\n<div class=\"wp-block-group alignfull is-style-section-1 has-global-padding is-layout-constrained wp-block-group-is-layout-constrained is-style-section-1--1\" style=\"margin-top:0;margin-bottom:0;padding-top:var(--wp--preset--spacing--40);padding-bottom:var(--wp--preset--spacing--40)\">\n<div class=\"wp-block-columns alignwide is-layout-flex wp-container-core-columns-is-layout-66fad18a wp-block-columns-is-layout-flex\">\n<div class=\"wp-block-column is-vertically-aligned-top is-layout-flow wp-container-core-column-is-layout-b108c007 wp-block-column-is-layout-flow\" style=\"padding-right:0;padding-left:0;flex-basis:40%\">\n<figure class=\"wp-block-image alignright size-full is-resized\"><img loading=\"lazy\" decoding=\"async\" width=\"470\" height=\"554\" src=\"https:\/\/demo.lesfoulardsrouges.fr\/wp-content\/uploads\/2026\/02\/cheramy-bernard-NB-1.png\" alt=\"\" class=\"wp-image-24\" style=\"aspect-ratio:0.8483573972249008;width:263px;height:auto\" srcset=\"https:\/\/demo.lesfoulardsrouges.fr\/wp-content\/uploads\/2026\/02\/cheramy-bernard-NB-1.png 470w, https:\/\/demo.lesfoulardsrouges.fr\/wp-content\/uploads\/2026\/02\/cheramy-bernard-NB-1-255x300.png 255w\" sizes=\"auto, (max-width: 470px) 100vw, 470px\" \/><\/figure>\n<\/div>\n\n\n\n<div class=\"wp-block-column is-vertically-aligned-center is-layout-flow wp-block-column-is-layout-flow\" style=\"padding-right:0;padding-left:0;flex-basis:60%\">\n<div class=\"wp-block-group is-vertical is-layout-flex wp-container-core-group-is-layout-fe9cc265 wp-block-group-is-layout-flex\">\n<h2 class=\"wp-block-heading is-style-text-annotation has-custom-color-1-color has-text-color has-link-color wp-elements-aae392443880890da89d6accd2dd647d is-style-text-annotation--2\">Historique<\/h2>\n<\/div>\n\n\n\n<p class=\"is-style-text-subtitle is-style-text-subtitle--3\"><em>Depuis plus de 50 ans, au sein de l&rsquo;Hospitalit\u00e9 Notre Dame de Lourdes du dioc\u00e8se de Versailles, les b\u00e9n\u00e9voles de l&rsquo;association \u00ab\u00a0les Foulards Rouges\u00a0\u00bb accompagnent des personnes malades ou handicap\u00e9es en&nbsp;p\u00e8lerinage&nbsp;\u00e0 Lourdes,<\/em><\/p>\n\n\n\n<div class=\"wp-block-buttons is-layout-flex wp-block-buttons-is-layout-flex\">\n<div class=\"wp-block-button is-style-fill\"><a class=\"wp-block-button__link has-custom-color-1-background-color has-background wp-element-button\" href=\"https:\/\/demo.lesfoulardsrouges.fr\/?page_id=19\" style=\"border-style:none;border-width:0px;border-top-left-radius:100px;border-top-right-radius:100px;border-bottom-left-radius:100px;border-bottom-right-radius:100px;font-style:normal;font-weight:400;line-height:0.5\">en savoir plus&#8230;<\/a><\/div>\n<\/div>\n<\/div>\n<\/div>\n<\/div>\n\n\n\n<div class=\"wp-block-group alignfull has-global-padding is-layout-constrained wp-block-group-is-layout-constrained\" style=\"margin-top:0;margin-bottom:0;padding-top:var(--wp--preset--spacing--60);padding-bottom:var(--wp--preset--spacing--60)\">\n<div class=\"wp-block-columns alignwide is-layout-flex wp-container-core-columns-is-layout-74b2cda3 wp-block-columns-is-layout-flex\">\n<div class=\"wp-block-column is-layout-flow wp-block-column-is-layout-flow\" style=\"padding-top:0;padding-right:0;padding-bottom:0;padding-left:0\">\n<div class=\"wp-block-group is-vertical is-content-justification-left is-layout-flex wp-container-core-group-is-layout-03f9edf9 wp-block-group-is-layout-flex\" style=\"min-height:100%\">\n<h2 class=\"wp-block-heading is-style-text-annotation has-custom-color-1-color has-text-color has-link-color has-x-small-font-size wp-elements-478c86747d18549df0ac8634331a69bb is-style-text-annotation--4\">T\u00e9moignages<\/h2>\n\n\n\n<blockquote class=\"wp-block-quote is-style-plain has-large-font-size is-layout-flow wp-container-core-quote-is-layout-4797eee9 wp-block-quote-is-layout-flow is-style-plain--5\" style=\"margin-top:0;margin-right:0;margin-bottom:0;margin-left:0;font-style:normal;font-weight:400\">\n<div class=\"wp-block-group has-global-padding is-content-justification-left is-layout-constrained wp-container-core-group-is-layout-ea6141a1 wp-block-group-is-layout-constrained\" style=\"margin-top:0;margin-bottom:0;padding-top:0;padding-right:0;padding-bottom:0;padding-left:0\">\n<p class=\"has-x-large-font-size\">\u00ab&nbsp;Alors je n&rsquo;ai qu&rsquo;un souhait: que notre \u00ab\u00a0famille\u00a0\u00bb s&rsquo;agrandisse!&nbsp;\u00bb<\/p>\n<\/div>\n<cite>Annick<\/cite><\/blockquote>\n\n\n\n<div class=\"wp-block-buttons is-layout-flex wp-block-buttons-is-layout-flex\">\n<div class=\"wp-block-button\"><a class=\"wp-block-button__link has-custom-color-1-background-color has-background wp-element-button\" href=\"https:\/\/demo.lesfoulardsrouges.fr\/?page_id=27\" style=\"line-height:0.5\">Lire la suite<\/a><\/div>\n<\/div>\n<\/div>\n<\/div>\n\n\n\n<div class=\"wp-block-column is-layout-flow wp-block-column-is-layout-flow\" style=\"padding-top:0;padding-right:0;padding-bottom:0;padding-left:0\">\n<figure class=\"wp-block-image size-large is-resized is-style-default\"><img decoding=\"async\" src=\"https:\/\/demo.lesfoulardsrouges.fr\/wp-content\/themes\/twentytwentyfive\/assets\/images\/typewriter.webp\" alt=\"Image d\u2019une personne tapant sur une machine \u00e0 \u00e9crire.\" style=\"object-fit:cover;width:287px;height:auto\"\/><\/figure>\n<\/div>\n<\/div>\n<\/div>\n\n\n\n<div class=\"wp-block-group alignfull has-global-padding is-layout-constrained wp-container-core-group-is-layout-ebee8dc1 wp-block-group-is-layout-constrained\" style=\"margin-top:0;margin-bottom:0;padding-top:var(--wp--preset--spacing--50);padding-bottom:var(--wp--preset--spacing--50)\">\n<h2 class=\"wp-block-heading alignwide\">Nos services<\/h2>\n\n\n\n<div class=\"wp-block-columns alignwide is-layout-flex wp-container-core-columns-is-layout-28f84493 wp-block-columns-is-layout-flex\">\n<div class=\"wp-block-column is-layout-flow wp-block-column-is-layout-flow\">\n<figure class=\"wp-block-image size-full\" style=\"margin-bottom:24px\"><img decoding=\"async\" src=\"https:\/\/demo.lesfoulardsrouges.fr\/wp-content\/themes\/twentytwentyfive\/assets\/images\/campanula-alliariifolia-flower.webp\" alt=\"Image pour le service\" style=\"aspect-ratio:4\/3;object-fit:cover\"\/><\/figure>\n\n\n\n<h3 class=\"wp-block-heading\">Collecter<\/h3>\n\n\n\n<p class=\"has-medium-font-size\">Comme des fleurs qui s\u2019\u00e9panouissent dans des endroits inattendus, chaque histoire se d\u00e9ploie avec beaut\u00e9 et r\u00e9silience.<\/p>\n<\/div>\n\n\n\n<div class=\"wp-block-column is-layout-flow wp-block-column-is-layout-flow\">\n<figure class=\"wp-block-image size-full\" style=\"margin-bottom:24px\"><img decoding=\"async\" src=\"https:\/\/demo.lesfoulardsrouges.fr\/wp-content\/themes\/twentytwentyfive\/assets\/images\/delphinium-flowers.webp\" alt=\"Image pour le service\" style=\"aspect-ratio:4\/3;object-fit:cover\"\/><\/figure>\n\n\n\n<h3 class=\"wp-block-heading\">Rassembler<\/h3>\n\n\n\n<p class=\"has-medium-font-size\">Comme des fleurs qui s\u2019\u00e9panouissent dans des endroits inattendus, chaque histoire se d\u00e9ploie avec beaut\u00e9 et r\u00e9silience.<\/p>\n<\/div>\n\n\n\n<div class=\"wp-block-column is-layout-flow wp-block-column-is-layout-flow\">\n<figure class=\"wp-block-image size-full\" style=\"margin-bottom:24px\"><img decoding=\"async\" src=\"https:\/\/demo.lesfoulardsrouges.fr\/wp-content\/themes\/twentytwentyfive\/assets\/images\/star-thristle-flower.webp\" alt=\"Image pour le service\" style=\"aspect-ratio:4\/3;object-fit:cover\"\/><\/figure>\n\n\n\n<h3 class=\"wp-block-heading\">Livrer<\/h3>\n\n\n\n<p class=\"has-medium-font-size\">Comme des fleurs qui s\u2019\u00e9panouissent dans des endroits inattendus, chaque histoire se d\u00e9ploie avec beaut\u00e9 et r\u00e9silience.<\/p>\n<\/div>\n<\/div>\n<\/div>\n","protected":false},"excerpt":{"rendered":"<p>Bienvenue sur le site des joyeux Foulards Rouges En 2026, notre association f\u00eatera&nbsp;les 60 ans de la cr\u00e9ation des \u00ab\u00a0Foulards Rouges\u00a0\u00bb Historique Depuis plus de 50 ans, au sein de l&rsquo;Hospitalit\u00e9 Notre Dame de Lourdes du dioc\u00e8se de Versailles, les b\u00e9n\u00e9voles de l&rsquo;association \u00ab\u00a0les Foulards Rouges\u00a0\u00bb accompagnent des personnes malades ou handicap\u00e9es en&nbsp;p\u00e8lerinage&nbsp;\u00e0 Lourdes, T\u00e9moignages [&hellip;]<\/p>\n","protected":false},"author":1,"featured_media":0,"parent":0,"menu_order":0,"comment_status":"closed","ping_status":"closed","template":"page-no-title","meta":{"footnotes":""},"class_list":["post-47","page","type-page","status-publish","hentry"],"_links":{"self":[{"href":"https:\/\/demo.lesfoulardsrouges.fr\/index.php?rest_route=\/wp\/v2\/pages\/47","targetHints":{"allow":["GET"]}}],"collection":[{"href":"https:\/\/demo.lesfoulardsrouges.fr\/index.php?rest_route=\/wp\/v2\/pages"}],"about":[{"href":"https:\/\/demo.lesfoulardsrouges.fr\/index.php?rest_route=\/wp\/v2\/types\/page"}],"author":[{"embeddable":true,"href":"https:\/\/demo.lesfoulardsrouges.fr\/index.php?rest_route=\/wp\/v2\/users\/1"}],"replies":[{"embeddable":true,"href":"https:\/\/demo.lesfoulardsrouges.fr\/index.php?rest_route=%2Fwp%2Fv2%2Fcomments&post=47"}],"version-history":[{"count":11,"href":"https:\/\/demo.lesfoulardsrouges.fr\/index.php?rest_route=\/wp\/v2\/pages\/47\/revisions"}],"predecessor-version":[{"id":77,"href":"https:\/\/demo.lesfoulardsrouges.fr\/index.php?rest_route=\/wp\/v2\/pages\/47\/revisions\/77"}],"wp:attachment":[{"href":"https:\/\/demo.lesfoulardsrouges.fr\/index.php?rest_route=%2Fwp%2Fv2%2Fmedia&parent=47"}],"curies":[{"name":"wp","href":"https:\/\/api.w.org\/{rel}","templated":true}]}}